{"id":47,"date":"2023-02-08T15:56:26","date_gmt":"2023-02-08T15:56:26","guid":{"rendered":"https:\/\/plrtranspordev.wpengine.com\/?page_id=47"},"modified":"2023-04-19T16:35:23","modified_gmt":"2023-04-19T16:35:23","slug":"about-us","status":"publish","type":"page","link":"https:\/\/plr-transport.com\/es\/about-us\/","title":{"rendered":"Nosotros"},"content":{"rendered":"<div data-elementor-type=\"wp-page\" data-elementor-id=\"47\" class=\"elementor elementor-47\" data-elementor-post-type=\"page\">\n\t\t\t\t\t\t<section class=\"elementor-section elementor-top-section elementor-element elementor-element-b4f2849 elementor-reverse-mobile elementor-section-boxed elementor-section-height-default elementor-section-height-default\" data-id=\"b4f2849\" data-element_type=\"section\" data-e-type=\"section\" data-settings=\"{&quot;background_background&quot;:&quot;classic&quot;}\">\n\t\t\t\t\t\t\t<div class=\"elementor-background-overlay\"><\/div>\n\t\t\t\t\t\t\t<div class=\"elementor-container elementor-column-gap-default\">\n\t\t\t\t\t<div class=\"elementor-column elementor-col-50 elementor-top-column elementor-element elementor-element-df3a55f elementor-hidden-tablet\" data-id=\"df3a55f\" data-element_type=\"column\" data-e-type=\"column\" data-settings=\"{&quot;background_background&quot;:&quot;classic&quot;}\">\n\t\t\t<div class=\"elementor-widget-wrap elementor-element-populated\">\n\t\t\t\t\t\t<div class=\"elementor-element elementor-element-bea10ba elementor-invisible elementor-widget elementor-widget-image\" data-id=\"bea10ba\" data-element_type=\"widget\" data-e-type=\"widget\" data-settings=\"{&quot;_animation&quot;:&quot;rotateInDownLeft&quot;}\" data-widget_type=\"image.default\">\n\t\t\t\t<div class=\"elementor-widget-container\">\n\t\t\t\t\t\t\t\t\t\t\t\t\t\t\t<img fetchpriority=\"high\" decoding=\"async\" width=\"414\" height=\"411\" src=\"https:\/\/plr-transport.com\/wp-content\/uploads\/img-about-us-plr.png\" class=\"attachment-full size-full wp-image-130\" alt=\"\" srcset=\"https:\/\/plr-transport.com\/wp-content\/uploads\/img-about-us-plr.png 414w, https:\/\/plr-transport.com\/wp-content\/uploads\/img-about-us-plr-300x298.png 300w, https:\/\/plr-transport.com\/wp-content\/uploads\/img-about-us-plr-150x150.png 150w\" sizes=\"(max-width: 414px) 100vw, 414px\" \/>\t\t\t\t\t\t\t\t\t\t\t\t\t\t\t<\/div>\n\t\t\t\t<\/div>\n\t\t\t\t\t<\/div>\n\t\t<\/div>\n\t\t\t\t<div class=\"elementor-column elementor-col-50 elementor-top-column elementor-element elementor-element-6214000 elementor-invisible\" data-id=\"6214000\" data-element_type=\"column\" data-e-type=\"column\" data-settings=\"{&quot;animation&quot;:&quot;fadeInRight&quot;}\">\n\t\t\t<div class=\"elementor-widget-wrap elementor-element-populated\">\n\t\t\t\t\t\t<div class=\"elementor-element elementor-element-00255fb elementor-widget elementor-widget-heading\" data-id=\"00255fb\" data-element_type=\"widget\" data-e-type=\"widget\" data-widget_type=\"heading.default\">\n\t\t\t\t<div class=\"elementor-widget-container\">\n\t\t\t\t\t<h1 class=\"elementor-heading-title elementor-size-default\">SOBRE NOSOTROS<\/h1>\t\t\t\t<\/div>\n\t\t\t\t<\/div>\n\t\t\t\t<div class=\"elementor-element elementor-element-6aa9781 elementor-widget elementor-widget-heading\" data-id=\"6aa9781\" data-element_type=\"widget\" data-e-type=\"widget\" data-widget_type=\"heading.default\">\n\t\t\t\t<div class=\"elementor-widget-container\">\n\t\t\t\t\t<h2 class=\"elementor-heading-title elementor-size-default\">TRANSPORTE PLR<\/h2>\t\t\t\t<\/div>\n\t\t\t\t<\/div>\n\t\t\t\t<div class=\"elementor-element elementor-element-771c2c3 elementor-widget elementor-widget-text-editor\" data-id=\"771c2c3\" data-element_type=\"widget\" data-e-type=\"widget\" data-widget_type=\"text-editor.default\">\n\t\t\t\t<div class=\"elementor-widget-container\">\n\t\t\t\t\t\t\t\t\t<p><span style=\"font-weight: 400;\">PLR Transport es una empresa familiar que se dedica al transporte desde 1985,\ncomprometidos en proporcionar la m\u00e1s alta calidad de servicio a nuestros\nclientes. Somos una empresa de transporte de servicio completo especializada\nen el transporte de carga refrigerada con sobrepeso y equipo especial. Nuestra\nflota de camiones est\u00e1 equipada con la \u00faltima tecnolog\u00eda para garantizar la\nseguridad de su env\u00edo.<\/span><\/p>\t\t\t\t\t\t\t\t<\/div>\n\t\t\t\t<\/div>\n\t\t\t\t\t<\/div>\n\t\t<\/div>\n\t\t\t\t\t<\/div>\n\t\t<\/section>\n\t\t\t\t<section class=\"elementor-section elementor-top-section elementor-element elementor-element-df6abdc elementor-section-boxed elementor-section-height-default elementor-section-height-default\" data-id=\"df6abdc\" data-element_type=\"section\" data-e-type=\"section\" data-settings=\"{&quot;background_background&quot;:&quot;classic&quot;}\">\n\t\t\t\t\t\t\t<div class=\"elementor-background-overlay\"><\/div>\n\t\t\t\t\t\t\t<div class=\"elementor-container elementor-column-gap-default\">\n\t\t\t\t\t<div class=\"elementor-column elementor-col-100 elementor-top-column elementor-element elementor-element-3a06c7c elementor-invisible\" data-id=\"3a06c7c\" data-element_type=\"column\" data-e-type=\"column\" data-settings=\"{&quot;background_background&quot;:&quot;classic&quot;,&quot;animation&quot;:&quot;fadeInUp&quot;}\">\n\t\t\t<div class=\"elementor-widget-wrap elementor-element-populated\">\n\t\t\t\t\t\t<div class=\"elementor-element elementor-element-8be596d elementor-widget elementor-widget-heading\" data-id=\"8be596d\" data-element_type=\"widget\" data-e-type=\"widget\" data-widget_type=\"heading.default\">\n\t\t\t\t<div class=\"elementor-widget-container\">\n\t\t\t\t\t<h2 class=\"elementor-heading-title elementor-size-default\">LA DIFERENCIA PLR<\/h2>\t\t\t\t<\/div>\n\t\t\t\t<\/div>\n\t\t\t\t<div class=\"elementor-element elementor-element-84e23f4 elementor-widget elementor-widget-text-editor\" data-id=\"84e23f4\" data-element_type=\"widget\" data-e-type=\"widget\" data-widget_type=\"text-editor.default\">\n\t\t\t\t<div class=\"elementor-widget-container\">\n\t\t\t\t\t\t\t\t\t<p><span style=\"font-weight: 400;\">En PLR Transport, nos enorgullece nuestro compromiso con el servicio al\ncliente. Entendemos que su env\u00edo es importante para usted, y haremos todo lo\nposible para garantizar que llegue de manera segura y puntual.<\/span><\/p><p><span style=\"font-weight: 400;\">Esto es lo que nos distingue de otras empresas de transporte:<\/span><\/p>\t\t\t\t\t\t\t\t<\/div>\n\t\t\t\t<\/div>\n\t\t\t\t<div class=\"elementor-element elementor-element-48e11a0 elementor-position-left elementor-vertical-align-middle elementor-invisible elementor-widget elementor-widget-image-box\" data-id=\"48e11a0\" data-element_type=\"widget\" data-e-type=\"widget\" data-settings=\"{&quot;_animation&quot;:&quot;fadeIn&quot;}\" data-widget_type=\"image-box.default\">\n\t\t\t\t<div class=\"elementor-widget-container\">\n\t\t\t\t\t<div class=\"elementor-image-box-wrapper\"><figure class=\"elementor-image-box-img\"><img decoding=\"async\" width=\"106\" height=\"106\" src=\"https:\/\/plr-transport.com\/wp-content\/uploads\/icon-business.png\" class=\"attachment-full size-full wp-image-81\" alt=\"\" \/><\/figure><div class=\"elementor-image-box-content\"><h3 class=\"elementor-image-box-title\">Somos una empresa familiar<\/h3><p class=\"elementor-image-box-description\">Nuestros valores se basan en el trabajo duro y la comunicaci\u00f3n productiva.\nTratamos a nuestros clientes como familia, y estamos orgullosos de haber\nconstruido relaciones duraderas con muchos de ellos.\n<br><br>\nCreemos que nuestro \n\u00e9xito depende de las relaciones que construimos con nuestros clientes.\nTrabajamos duro para comprender sus necesidades y superar sus expectativas.\n<\/p><\/div><\/div>\t\t\t\t<\/div>\n\t\t\t\t<\/div>\n\t\t\t\t<div class=\"elementor-element elementor-element-ab2fe71 elementor-position-left elementor-vertical-align-middle elementor-invisible elementor-widget elementor-widget-image-box\" data-id=\"ab2fe71\" data-element_type=\"widget\" data-e-type=\"widget\" data-settings=\"{&quot;_animation&quot;:&quot;fadeIn&quot;}\" data-widget_type=\"image-box.default\">\n\t\t\t\t<div class=\"elementor-widget-container\">\n\t\t\t\t\t<div class=\"elementor-image-box-wrapper\"><figure class=\"elementor-image-box-img\"><img decoding=\"async\" width=\"107\" height=\"107\" src=\"https:\/\/plr-transport.com\/wp-content\/uploads\/icon-record.png\" class=\"attachment-full size-full wp-image-82\" alt=\"\" \/><\/figure><div class=\"elementor-image-box-content\"><h3 class=\"elementor-image-box-title\">Tenemos un largo historial de \u00e9xito<\/h3><p class=\"elementor-image-box-description\">Nuestro equipo tiene m\u00e1s de 35 a\u00f1os de experiencia en la industria del\ntransporte. Puede sentirse seguro al confiar en nosotros durante todo el proceso\nde env\u00edo. Tenemos el conocimiento y la experiencia para manejar env\u00edos\nintermodales y nacionales. \n<\/p><\/div><\/div>\t\t\t\t<\/div>\n\t\t\t\t<\/div>\n\t\t\t\t<div class=\"elementor-element elementor-element-b70985d elementor-position-left elementor-vertical-align-middle elementor-invisible elementor-widget elementor-widget-image-box\" data-id=\"b70985d\" data-element_type=\"widget\" data-e-type=\"widget\" data-settings=\"{&quot;_animation&quot;:&quot;fadeIn&quot;}\" data-widget_type=\"image-box.default\">\n\t\t\t\t<div class=\"elementor-widget-container\">\n\t\t\t\t\t<div class=\"elementor-image-box-wrapper\"><figure class=\"elementor-image-box-img\"><img loading=\"lazy\" decoding=\"async\" width=\"103\" height=\"101\" src=\"https:\/\/plr-transport.com\/wp-content\/uploads\/icon-overweight.png\" class=\"attachment-full size-full wp-image-83\" alt=\"\" \/><\/figure><div class=\"elementor-image-box-content\"><h3 class=\"elementor-image-box-title\">Podemos manejar cargas con sobrepeso<\/h3><p class=\"elementor-image-box-description\">Tenemos los permisos necesarios y la experiencia para transportar cargas con\nsobrepeso de manera segura, siempre y cuando no contengan materiales\npeligrosos. \n<\/p><\/div><\/div>\t\t\t\t<\/div>\n\t\t\t\t<\/div>\n\t\t\t\t<div class=\"elementor-element elementor-element-85721c7 elementor-position-left elementor-vertical-align-middle elementor-invisible elementor-widget elementor-widget-image-box\" data-id=\"85721c7\" data-element_type=\"widget\" data-e-type=\"widget\" data-settings=\"{&quot;_animation&quot;:&quot;fadeIn&quot;}\" data-widget_type=\"image-box.default\">\n\t\t\t\t<div class=\"elementor-widget-container\">\n\t\t\t\t\t<div class=\"elementor-image-box-wrapper\"><figure class=\"elementor-image-box-img\"><img loading=\"lazy\" decoding=\"async\" width=\"107\" height=\"107\" src=\"https:\/\/plr-transport.com\/wp-content\/uploads\/icon-tecnology.png\" class=\"attachment-full size-full wp-image-85\" alt=\"\" \/><\/figure><div class=\"elementor-image-box-content\"><h3 class=\"elementor-image-box-title\">Somos l\u00edderes en tecnolog\u00eda<\/h3><p class=\"elementor-image-box-description\">Nuestra plataforma Samsara brinda a nuestro equipo tecnolog\u00eda de gesti\u00f3n de\nflotas, seguridad, seguimiento y cumplimiento de vanguardia. Para usted, eso\nsignifica que recibir\u00e1 informaci\u00f3n en tiempo real, y puede estar seguro de que su\ncarga est\u00e1 segura con nosotros. Nuestro sistema TMS interno nos permite tener\ninformaci\u00f3n precisa de nuestra carga en todo momento y proporcionar citas\noportunas, sin subcontrataci\u00f3n ni proveedores no verificados. PLR MARCA LA DIFERENCIA\n<\/p><\/div><\/div>\t\t\t\t<\/div>\n\t\t\t\t<\/div>\n\t\t\t\t<div class=\"elementor-element elementor-element-c20cac3 elementor-position-left elementor-vertical-align-middle elementor-invisible elementor-widget elementor-widget-image-box\" data-id=\"c20cac3\" data-element_type=\"widget\" data-e-type=\"widget\" data-settings=\"{&quot;_animation&quot;:&quot;fadeIn&quot;}\" data-widget_type=\"image-box.default\">\n\t\t\t\t<div class=\"elementor-widget-container\">\n\t\t\t\t\t<div class=\"elementor-image-box-wrapper\"><figure class=\"elementor-image-box-img\"><img loading=\"lazy\" decoding=\"async\" width=\"103\" height=\"103\" src=\"https:\/\/plr-transport.com\/wp-content\/uploads\/icon-safety.png\" class=\"attachment-full size-full wp-image-86\" alt=\"\" \/><\/figure><div class=\"elementor-image-box-content\"><h3 class=\"elementor-image-box-title\">Priorizamos la seguridad<\/h3><p class=\"elementor-image-box-description\">La seguridad de nuestros conductores y su env\u00edo es nuestra m\u00e1xima prioridad.\nMantenemos una estricta pol\u00edtica de seguridad para proteger tanto a los\nconsumidores como a la carga. Operamos en la comunidad del sur de Florida\ncon el m\u00e1ximo respeto y consideraci\u00f3n por las personas incre\u00edbles que viven\naqu\u00ed. \n<\/p><\/div><\/div>\t\t\t\t<\/div>\n\t\t\t\t<\/div>\n\t\t\t\t<div class=\"elementor-element elementor-element-6465d59 elementor-position-left elementor-vertical-align-middle elementor-invisible elementor-widget elementor-widget-image-box\" data-id=\"6465d59\" data-element_type=\"widget\" data-e-type=\"widget\" data-settings=\"{&quot;_animation&quot;:&quot;fadeIn&quot;}\" data-widget_type=\"image-box.default\">\n\t\t\t\t<div class=\"elementor-widget-container\">\n\t\t\t\t\t<div class=\"elementor-image-box-wrapper\"><figure class=\"elementor-image-box-img\"><img loading=\"lazy\" decoding=\"async\" width=\"97\" height=\"97\" src=\"https:\/\/plr-transport.com\/wp-content\/uploads\/icon-rates.png\" class=\"attachment-full size-full wp-image-84\" alt=\"\" \/><\/figure><div class=\"elementor-image-box-content\"><h3 class=\"elementor-image-box-title\">Ofrecemos tarifas competitivas<\/h3><p class=\"elementor-image-box-description\">PLR Transport es la elecci\u00f3n correcta. Ofrecemos tarifas competitivas por\nnuestros servicios excepcionales. Trabajaremos con usted para encontrar una\nsoluci\u00f3n de alta calidad que satisfaga sus necesidades y no le cueste una\nfortuna. \n<br><br>\nTratamos a nuestros clientes como familia. Puede sentirse c\u00f3modo confiando en\nnosotros para sus necesidades de transporte y env\u00edo. Con\u00e9ctese con nosotros\nen las redes sociales (Facebook, Instagram y LinkedIN), o cont\u00e1ctenos en\ninfo@plr-transport.com para obtener m\u00e1s informaci\u00f3n sobre nuestros servicios.<\/p><\/div><\/div>\t\t\t\t<\/div>\n\t\t\t\t<\/div>\n\t\t\t\t\t<\/div>\n\t\t<\/div>\n\t\t\t\t\t<\/div>\n\t\t<\/section>\n\t\t\t\t<\/div>","protected":false},"excerpt":{"rendered":"<p>ABOUT US PLR Transport Family-owned and operated since 1985, PLR Transport is dedicated to providing the highest quality of service to our customers. We are a full-service transportation company specializing in hauling overweight refrigerated cargo, and special equipment. Our fleet of trucks is equipped with the latest technology to ensure the safety and security of [&hellip;]<\/p>\n","protected":false},"author":3,"featured_media":0,"parent":0,"menu_order":0,"comment_status":"closed","ping_status":"closed","template":"","meta":{"footnotes":""},"class_list":["post-47","page","type-page","status-publish","hentry"],"yoast_head":"<!-- This site is optimized with the Yoast SEO Premium plugin v20.5 (Yoast SEO v27.4) - https:\/\/yoast.com\/product\/yoast-seo-premium-wordpress\/ -->\n<title>About us - PLR Transport<\/title>\n<meta name=\"robots\" content=\"index, follow, max-snippet:-1, max-image-preview:large, max-video-preview:-1\" \/>\n<link rel=\"canonical\" href=\"https:\/\/plr-transport.com\/es\/about-us\/\" \/>\n<meta property=\"og:locale\" content=\"es_ES\" \/>\n<meta property=\"og:type\" content=\"article\" \/>\n<meta property=\"og:title\" content=\"About us\" \/>\n<meta property=\"og:description\" content=\"ABOUT US PLR Transport Family-owned and operated since 1985, PLR Transport is dedicated to providing the highest quality of service to our customers. We are a full-service transportation company specializing in hauling overweight refrigerated cargo, and special equipment. Our fleet of trucks is equipped with the latest technology to ensure the safety and security of [&hellip;]\" \/>\n<meta property=\"og:url\" content=\"https:\/\/plr-transport.com\/es\/about-us\/\" \/>\n<meta property=\"og:site_name\" content=\"PLR Transport\" \/>\n<meta property=\"article:publisher\" content=\"https:\/\/facebook.com\/plrtrans?_rdc=1&amp;_rdr\" \/>\n<meta property=\"article:modified_time\" content=\"2023-04-19T16:35:23+00:00\" \/>\n<meta property=\"og:image\" content=\"https:\/\/plr-transport.com\/wp-content\/uploads\/img-about-us-plr.png\" \/>\n<meta name=\"twitter:card\" content=\"summary_large_image\" \/>\n<meta name=\"twitter:label1\" content=\"Est. reading time\" \/>\n\t<meta name=\"twitter:data1\" content=\"2 minutes\" \/>\n<script type=\"application\/ld+json\" class=\"yoast-schema-graph\">{\"@context\":\"https:\\\/\\\/schema.org\",\"@graph\":[{\"@type\":\"WebPage\",\"@id\":\"https:\\\/\\\/plr-transport.com\\\/about-us\\\/\",\"url\":\"https:\\\/\\\/plr-transport.com\\\/about-us\\\/\",\"name\":\"About us - PLR Transport\",\"isPartOf\":{\"@id\":\"https:\\\/\\\/plr-transport.com\\\/#website\"},\"primaryImageOfPage\":{\"@id\":\"https:\\\/\\\/plr-transport.com\\\/about-us\\\/#primaryimage\"},\"image\":{\"@id\":\"https:\\\/\\\/plr-transport.com\\\/about-us\\\/#primaryimage\"},\"thumbnailUrl\":\"https:\\\/\\\/plr-transport.com\\\/wp-content\\\/uploads\\\/img-about-us-plr.png\",\"datePublished\":\"2023-02-08T15:56:26+00:00\",\"dateModified\":\"2023-04-19T16:35:23+00:00\",\"breadcrumb\":{\"@id\":\"https:\\\/\\\/plr-transport.com\\\/about-us\\\/#breadcrumb\"},\"inLanguage\":\"es-ES\",\"potentialAction\":[{\"@type\":\"ReadAction\",\"target\":[\"https:\\\/\\\/plr-transport.com\\\/about-us\\\/\"]}]},{\"@type\":\"ImageObject\",\"inLanguage\":\"es-ES\",\"@id\":\"https:\\\/\\\/plr-transport.com\\\/about-us\\\/#primaryimage\",\"url\":\"https:\\\/\\\/plr-transport.com\\\/wp-content\\\/uploads\\\/img-about-us-plr.png\",\"contentUrl\":\"https:\\\/\\\/plr-transport.com\\\/wp-content\\\/uploads\\\/img-about-us-plr.png\"},{\"@type\":\"BreadcrumbList\",\"@id\":\"https:\\\/\\\/plr-transport.com\\\/about-us\\\/#breadcrumb\",\"itemListElement\":[{\"@type\":\"ListItem\",\"position\":1,\"name\":\"Home\",\"item\":\"https:\\\/\\\/plr-transport.com\\\/\"},{\"@type\":\"ListItem\",\"position\":2,\"name\":\"About us\"}]},{\"@type\":\"WebSite\",\"@id\":\"https:\\\/\\\/plr-transport.com\\\/#website\",\"url\":\"https:\\\/\\\/plr-transport.com\\\/\",\"name\":\"PLR Transport\",\"description\":\"\",\"publisher\":{\"@id\":\"https:\\\/\\\/plr-transport.com\\\/#organization\"},\"alternateName\":\"Transport PLR\",\"potentialAction\":[{\"@type\":\"SearchAction\",\"target\":{\"@type\":\"EntryPoint\",\"urlTemplate\":\"https:\\\/\\\/plr-transport.com\\\/?s={search_term_string}\"},\"query-input\":{\"@type\":\"PropertyValueSpecification\",\"valueRequired\":true,\"valueName\":\"search_term_string\"}}],\"inLanguage\":\"es-ES\"},{\"@type\":\"Organization\",\"@id\":\"https:\\\/\\\/plr-transport.com\\\/#organization\",\"name\":\"PLR Transport\",\"url\":\"https:\\\/\\\/plr-transport.com\\\/\",\"logo\":{\"@type\":\"ImageObject\",\"inLanguage\":\"es-ES\",\"@id\":\"https:\\\/\\\/plr-transport.com\\\/#\\\/schema\\\/logo\\\/image\\\/\",\"url\":\"https:\\\/\\\/plr-transport.com\\\/wp-content\\\/uploads\\\/icon-plr.png\",\"contentUrl\":\"https:\\\/\\\/plr-transport.com\\\/wp-content\\\/uploads\\\/icon-plr.png\",\"width\":511,\"height\":515,\"caption\":\"PLR Transport\"},\"image\":{\"@id\":\"https:\\\/\\\/plr-transport.com\\\/#\\\/schema\\\/logo\\\/image\\\/\"},\"sameAs\":[\"https:\\\/\\\/facebook.com\\\/plrtrans?_rdc=1&_rdr\",\"https:\\\/\\\/www.instagram.com\\\/plrtransport\\\/\",\"https:\\\/\\\/www.linkedin.com\\\/company\\\/plr-transport-inc\\\/\"]}]}<\/script>\n<!-- \/ Yoast SEO Premium plugin. -->","yoast_head_json":{"title":"About us - PLR Transport","robots":{"index":"index","follow":"follow","max-snippet":"max-snippet:-1","max-image-preview":"max-image-preview:large","max-video-preview":"max-video-preview:-1"},"canonical":"https:\/\/plr-transport.com\/es\/about-us\/","og_locale":"es_ES","og_type":"article","og_title":"About us","og_description":"ABOUT US PLR Transport Family-owned and operated since 1985, PLR Transport is dedicated to providing the highest quality of service to our customers. We are a full-service transportation company specializing in hauling overweight refrigerated cargo, and special equipment. Our fleet of trucks is equipped with the latest technology to ensure the safety and security of [&hellip;]","og_url":"https:\/\/plr-transport.com\/es\/about-us\/","og_site_name":"PLR Transport","article_publisher":"https:\/\/facebook.com\/plrtrans?_rdc=1&_rdr","article_modified_time":"2023-04-19T16:35:23+00:00","og_image":[{"url":"https:\/\/plr-transport.com\/wp-content\/uploads\/img-about-us-plr.png","type":"","width":"","height":""}],"twitter_card":"summary_large_image","twitter_misc":{"Est. reading time":"2 minutes"},"schema":{"@context":"https:\/\/schema.org","@graph":[{"@type":"WebPage","@id":"https:\/\/plr-transport.com\/about-us\/","url":"https:\/\/plr-transport.com\/about-us\/","name":"About us - PLR Transport","isPartOf":{"@id":"https:\/\/plr-transport.com\/#website"},"primaryImageOfPage":{"@id":"https:\/\/plr-transport.com\/about-us\/#primaryimage"},"image":{"@id":"https:\/\/plr-transport.com\/about-us\/#primaryimage"},"thumbnailUrl":"https:\/\/plr-transport.com\/wp-content\/uploads\/img-about-us-plr.png","datePublished":"2023-02-08T15:56:26+00:00","dateModified":"2023-04-19T16:35:23+00:00","breadcrumb":{"@id":"https:\/\/plr-transport.com\/about-us\/#breadcrumb"},"inLanguage":"es-ES","potentialAction":[{"@type":"ReadAction","target":["https:\/\/plr-transport.com\/about-us\/"]}]},{"@type":"ImageObject","inLanguage":"es-ES","@id":"https:\/\/plr-transport.com\/about-us\/#primaryimage","url":"https:\/\/plr-transport.com\/wp-content\/uploads\/img-about-us-plr.png","contentUrl":"https:\/\/plr-transport.com\/wp-content\/uploads\/img-about-us-plr.png"},{"@type":"BreadcrumbList","@id":"https:\/\/plr-transport.com\/about-us\/#breadcrumb","itemListElement":[{"@type":"ListItem","position":1,"name":"Home","item":"https:\/\/plr-transport.com\/"},{"@type":"ListItem","position":2,"name":"About us"}]},{"@type":"WebSite","@id":"https:\/\/plr-transport.com\/#website","url":"https:\/\/plr-transport.com\/","name":"TRANSPORTE PLR","description":"","publisher":{"@id":"https:\/\/plr-transport.com\/#organization"},"alternateName":"Transport PLR","potentialAction":[{"@type":"SearchAction","target":{"@type":"EntryPoint","urlTemplate":"https:\/\/plr-transport.com\/?s={search_term_string}"},"query-input":{"@type":"PropertyValueSpecification","valueRequired":true,"valueName":"search_term_string"}}],"inLanguage":"es-ES"},{"@type":"Organization","@id":"https:\/\/plr-transport.com\/#organization","name":"TRANSPORTE PLR","url":"https:\/\/plr-transport.com\/","logo":{"@type":"ImageObject","inLanguage":"es-ES","@id":"https:\/\/plr-transport.com\/#\/schema\/logo\/image\/","url":"https:\/\/plr-transport.com\/wp-content\/uploads\/icon-plr.png","contentUrl":"https:\/\/plr-transport.com\/wp-content\/uploads\/icon-plr.png","width":511,"height":515,"caption":"PLR Transport"},"image":{"@id":"https:\/\/plr-transport.com\/#\/schema\/logo\/image\/"},"sameAs":["https:\/\/facebook.com\/plrtrans?_rdc=1&_rdr","https:\/\/www.instagram.com\/plrtransport\/","https:\/\/www.linkedin.com\/company\/plr-transport-inc\/"]}]}},"_links":{"self":[{"href":"https:\/\/plr-transport.com\/es\/wp-json\/wp\/v2\/pages\/47","targetHints":{"allow":["GET"]}}],"collection":[{"href":"https:\/\/plr-transport.com\/es\/wp-json\/wp\/v2\/pages"}],"about":[{"href":"https:\/\/plr-transport.com\/es\/wp-json\/wp\/v2\/types\/page"}],"author":[{"embeddable":true,"href":"https:\/\/plr-transport.com\/es\/wp-json\/wp\/v2\/users\/3"}],"replies":[{"embeddable":true,"href":"https:\/\/plr-transport.com\/es\/wp-json\/wp\/v2\/comments?post=47"}],"version-history":[{"count":0,"href":"https:\/\/plr-transport.com\/es\/wp-json\/wp\/v2\/pages\/47\/revisions"}],"wp:attachment":[{"href":"https:\/\/plr-transport.com\/es\/wp-json\/wp\/v2\/media?parent=47"}],"curies":[{"name":"wp","href":"https:\/\/api.w.org\/{rel}","templated":true}]}}